{"id":590,"date":"2017-12-07T13:50:11","date_gmt":"2017-12-07T13:50:11","guid":{"rendered":"https:\/\/siassafuchs.at\/index.php\/about-us\/"},"modified":"2024-03-13T21:57:23","modified_gmt":"2024-03-13T21:57:23","slug":"about-us","status":"publish","type":"page","link":"https:\/\/siassafuchs.at\/index.php\/about-us\/","title":{"rendered":"Das bin ich"},"content":{"rendered":"<section class=\"wpb-content-wrapper\">[vc_row full_width=&#8220;stretch_row&#8220; content_placement=&#8220;middle&#8220; bg_cws_size=&#8220;cover&#8220; bg_cws_color=&#8220;color&#8220; cws_overlay_color=&#8220;rgba(255,255,255,0.78)&#8220; css=&#8220;.vc_custom_1704871723543{margin-top: -100px !important;padding-top: 100px !important;padding-bottom: 100px !important;background-image: url(https:\/\/siassafuchs.at\/wp-content\/uploads\/2023\/01\/Picsart_23-01-30_22-32-11-798-01-e1704792736553.jpeg?id=2725) !important;background-position: center !important;background-repeat: no-repeat !important;background-size: cover !important;}&#8220;][vc_column offset=&#8220;vc_col-lg-offset-3 vc_col-lg-6 vc_col-xs-12&#8243;]<div style='border-color: #edecec; ' class='cws_divider none_line style_2'><img style='width:55px;' src='https:\/\/siassafuchs.at\/wp-content\/themes\/bellaria\/img\/dividers\/divider_2.png' alt \/><\/div>[vc_column_text css=&#8220;.vc_custom_1652727526998{margin-bottom: 10px !important;}&#8220;]\n<h2 style=\"text-align: center;\">Bisschen was \u00fcber mich.<\/h2>\n[\/vc_column_text]<div style='border-color: #edecec; ' class='cws_divider none_line style_11'><img style='width:181px;' src='https:\/\/siassafuchs.at\/wp-content\/themes\/bellaria\/img\/dividers\/divider_11.png' alt \/><\/div>[vc_column_text css=&#8220;.vc_custom_1710367036269{margin-top: 10px !important;}&#8220;]Mein Name ist Theresa ich bin 28 Jahre alt und habe einen Sohn und eine Tochter. Mein beruflicher Werdegang begann im Jahre 2010 mit einer Lehre als K\u00f6chin im Seminarhotel Ammerhauser in Anthering. Dort hab ich sehr viel gelernt und konnte schon in der Lehrzeit mein K\u00f6nnen beweisen. So habe ich beim Landeslehrlingswettbewerb die Top 10 erreicht und Silber geholt.<\/p>\n<p>2013 hab ich meine Lehre mit ausgezeichnetem Erfolg abgeschlossen und begann meine zweite Lehre als Konditorin. Mein absoluter Traumberuf und den durfte ich in Mattsee beim Caf\u00e9\/B\u00e4ckerei Neuhofer aus\u00fcben. Auch hier hab ich wahnsinnig viel gelernt und schloss meine 2te Lehre ebenfalls mit Auszeichnung ab.<\/p>\n<p>In meine Freizeit habe ich zum gr\u00f6\u00dften Teil der Landjugend gewidmet. Meine Ortsgruppe durfte ich 4 Jahre lag leiten, und auch in der Bezirkslandjugend f\u00fchlte ich mich sehr wohl. Traditionen und Brauchtum ist mir sehr wichtig und so bin ich bis heute in vielen ehrenamtlichen T\u00e4tigkeiten t\u00e4tig.<\/p>\n<p>2018 kam mein Sohn zur Welt der mein Leben zwar auf den Kopf stellte doch mich zu jeder Sekunde gl\u00fccklich macht.<\/p>\n<p>2020 begann ich dann mit meinem weiteren Lebenstraum, KONDITORMEISTERIN. So begann ich im J\u00e4nner mit dem Vorbereitungskurs nach einem halben Jahr intensiven Training und lernen durfte ich im Juli zur 3 t\u00e4gigen Pr\u00fcfung antreten und mit guten Erfolg abschlie\u00dfen.<\/p>\n<p>2021 dann die Unternehmerpr\u00fcfung und somit war mein Meister komplett<\/p>\n<p>Im Juli 2020 stieg ich auch wieder ins Arbeitsleben ein und bin seit daher im Seniorenheim als K\u00f6chin t\u00e4tig.<\/p>\n<p>2022 beschloss ich nicht nur meine Familie mit Torten zu verw\u00f6hnen sondern noch viele Menschen mehr. Vielleicht auch dich?[\/vc_column_text][\/vc_column][\/vc_row][vc_row full_width=&#8220;stretch_row&#8220; bg_cws_size=&#8220;cover&#8220; bg_cws_color=&#8220;color&#8220; cws_overlay_color=&#8220;#e29e00&#8243; crop=&#8220;1&#8243; css=&#8220;.vc_custom_1704871415712{margin-top: -60px !important;padding-top: 100px !important;padding-bottom: 120px !important;}&#8220; el_class=&#8220;gelber-hintergrund&#8220;][vc_column][\/vc_column][\/vc_row][vc_row full_width=&#8220;stretch_row&#8220; content_placement=&#8220;top&#8220; bg_cws_repeat=&#8220;no-repeat&#8220; bg_cws_attachment=&#8220;fixed&#8220; bg_cws_size=&#8220;cover&#8220; bg_image_position=&#8220;center_top&#8220; bg_cws_color=&#8220;color&#8220; cws_overlay_color=&#8220;rgba(255,255,255,0.8)&#8220; css=&#8220;.vc_custom_1704796440319{margin-top: -100px !important;padding-bottom: 70px !important;background-position: center !important;background-repeat: no-repeat !important;background-size: cover !important;}&#8220;][vc_column width=&#8220;1\/2&#8243; css=&#8220;.vc_custom_1516344972760{padding-top: 30% !important;background-position: center !important;background-repeat: no-repeat !important;background-size: cover !important;}&#8220;]<div style='border-color: #edecec; ' class='cws_divider none_line style_4'><img style='width:181px;' src='https:\/\/siassafuchs.at\/wp-content\/themes\/bellaria\/img\/dividers\/divider_4.png' alt \/><\/div>[vc_column_text css=&#8220;.vc_custom_1710367012222{margin-bottom: 10px !important;}&#8220;]\n<h2 style=\"text-align: center; margin-bottom: 0px;\">Theresa Haberl<\/h2>\n<p style=\"text-align: center; font-size: 28px; line-height: 1.4em;\"><em><span style=\"color: #800000;\">Konditormeisterin &amp; K\u00f6chin<\/span><\/em><\/p>\n[\/vc_column_text][\/vc_column][vc_column width=&#8220;1\/2&#8243; css=&#8220;.vc_custom_1516345063890{padding-top: 20% !important;padding-bottom: 30% !important;}&#8220;][vc_column_text css=&#8220;.vc_custom_1652730662109{margin-top: 10px !important;}&#8220;][\/vc_column_text][vc_single_image image=&#8220;3027&#8243; img_size=&#8220;large&#8220;][\/vc_column][\/vc_row][vc_row full_width=&#8220;stretch_row&#8220; bg_cws_repeat=&#8220;no-repeat&#8220; bg_cws_size=&#8220;cover&#8220; bg_image_position=&#8220;center_center&#8220; bg_cws_color=&#8220;color&#8220; cws_overlay_color=&#8220;rgba(10,10,10,0.58)&#8220; crop=&#8220;1&#8243; css=&#8220;.vc_custom_1704871959538{margin-top: -50px !important;padding-top: 150px !important;padding-bottom: 150px !important;background-image: url(https:\/\/siassafuchs.at\/wp-content\/uploads\/2023\/01\/siassa-fuchs_fotoshooting-by-ena.fotografiert_11.jpg?id=2541) !important;background-position: center !important;background-repeat: no-repeat !important;background-size: cover !important;}&#8220;][vc_column offset=&#8220;vc_col-lg-offset-1 vc_col-lg-10&#8243;][vc_column_text]\n<h1 style=\"text-align: center;\"><span style=\"color: #ffffff;\">Meine Backstube<\/span><\/h1>\n[\/vc_column_text][cws_sc_carousel bullets_nav=&#8220;1&#8243; color=&#8220;#ffffff&#8220;][vc_column_text]\n<p style=\"text-align: center;\"><span style=\"color: #ffffff;\"> 2022 habe ich in unserem Keller eine kleine aber feine Backstube eingerichtet um vor allem auf Bestellung zu produzieren..<\/span><\/p>\n[\/vc_column_text][\/cws_sc_carousel][\/vc_column][\/vc_row][vc_row full_width=&#8220;stretch_row&#8220; content_placement=&#8220;top&#8220; bg_cws_repeat=&#8220;no-repeat&#8220; bg_cws_attachment=&#8220;fixed&#8220; bg_cws_size=&#8220;cover&#8220; bg_image_position=&#8220;center_center&#8220; css=&#8220;.vc_custom_1704797479591{padding-top: 50px !important;padding-bottom: 50px !important;}&#8220;][vc_column width=&#8220;2\/3&#8243;]<div style='margin-top: 0pxpx; border-color: #edecec; ' class='cws_divider none_line style_4'><img style='width:181px;' src='https:\/\/siassafuchs.at\/wp-content\/themes\/bellaria\/img\/dividers\/divider_4.png' alt \/><\/div>[vc_column_text css=&#8220;.vc_custom_1675105883612{margin-bottom: 10px !important;}&#8220;]\n<h2 style=\"text-align: center;\"><span style=\"color: #993300;\">Meine Leidenschaft<\/span><\/h2>\n[\/vc_column_text]<div style='border-color: #edecec; ' class='cws_divider none_line style_5'><img style='width:82px;' src='https:\/\/siassafuchs.at\/wp-content\/themes\/bellaria\/img\/dividers\/divider_5.png' alt \/><\/div>[vc_column_text css=&#8220;.vc_custom_1657373172547{margin-top: 10px !important;margin-bottom: 10px !important;}&#8220;]\n<p style=\"text-align: center;\">Torten f\u00fcr jegliche Anl\u00e4sse<\/p>\n[\/vc_column_text]<div style='border-color: #edecec; ' class='cws_divider none_line style_6'><img style='width:16px;' src='https:\/\/siassafuchs.at\/wp-content\/themes\/bellaria\/img\/dividers\/divider_6.png' alt \/><\/div>[vc_column_text css=&#8220;.vc_custom_1657373197267{margin-top: 10px !important;margin-bottom: 10px !important;}&#8220;]\n<p style=\"text-align: center;\">S\u00fc\u00dfigkeiten herstellen<\/p>\n[\/vc_column_text]<div style='border-color: #edecec; ' class='cws_divider none_line style_6'><img style='width:16px;' src='https:\/\/siassafuchs.at\/wp-content\/themes\/bellaria\/img\/dividers\/divider_6.png' alt \/><\/div>[vc_column_text css=&#8220;.vc_custom_1657373210483{margin-top: 10px !important;margin-bottom: 10px !important;}&#8220;]\n<p style=\"text-align: center;\">Pralinen<\/p>\n[\/vc_column_text]<div style='border-color: #edecec; ' class='cws_divider none_line style_6'><img style='width:16px;' src='https:\/\/siassafuchs.at\/wp-content\/themes\/bellaria\/img\/dividers\/divider_6.png' alt \/><\/div>[vc_column_text css=&#8220;.vc_custom_1657373230252{margin-top: 10px !important;margin-bottom: 10px !important;}&#8220;]\n<p style=\"text-align: center;\">Kekse und Geb\u00e4cke<\/p>\n[\/vc_column_text]<div style='border-color: #edecec; ' class='cws_divider none_line style_6'><img style='width:16px;' src='https:\/\/siassafuchs.at\/wp-content\/themes\/bellaria\/img\/dividers\/divider_6.png' alt \/><\/div>[vc_column_text css=&#8220;.vc_custom_1657373248052{margin-top: 10px !important;margin-bottom: 10px !important;}&#8220;]\n<p style=\"text-align: center;\">Einfach ois wos sia\u00df is&#8230;<\/p>\n[\/vc_column_text][\/vc_column][vc_column width=&#8220;1\/3&#8243; css=&#8220;.vc_custom_1704793649746{background-position: center !important;background-repeat: no-repeat !important;background-size: contain !important;}&#8220; offset=&#8220;vc_col-xs-12&#8243;][vc_images_carousel images=&#8220;2885,2891,2890,2889,2888,2887,2894,2895,2896&#8243; img_size=&#8220;full&#8220; wrap=&#8220;yes&#8220;][vc_column_text]\n<h3 class=\"text_title\" style=\"text-align: center;\"><strong><span style=\"color: #800000;\">Meister\u00adpr\u00fcfung <\/span><\/strong><\/h3>\n<h3 class=\"text_title\" style=\"text-align: center;\"><strong><span style=\"color: #800000;\">2020<\/span><\/strong><\/h3>\n<p style=\"text-align: center;\">Meine Meisterpr\u00fcfung hab ich dem<\/p>\n<p style=\"text-align: center;\">Thema Landwirtschaft gewidmet.<\/p>\n[\/vc_column_text][cws_sc_carousel][\/cws_sc_carousel][\/vc_column][\/vc_row][vc_row full_width=&#8220;stretch_row&#8220; css=&#8220;.vc_custom_1706516558818{padding-top: 30px !important;background-color: #ededed !important;}&#8220;][vc_column width=&#8220;1\/3&#8243;]<div style='margin-bottom: 5px; border-color: #edecec; ' class='cws_divider none_line style_4'><img style='width:181px;' src='https:\/\/siassafuchs.at\/wp-content\/themes\/bellaria\/img\/dividers\/divider_4.png' alt \/><\/div>[vc_column_text]\n<p style=\"text-align: center;\"><a href=\"https:\/\/siassafuchs.at\/index.php\/impressumdatenschutz\/\">Impressum &amp; Datenschutz<\/a><\/p>\n<p style=\"text-align: center;\">2022 @<a href=\"https:\/\/mediadot.at\/photography\/\">media.dot<\/a><\/p>\n[\/vc_column_text][\/vc_column][vc_column width=&#8220;1\/3&#8243;][vc_column_text]\n<p style=\"text-align: center;\"><strong>Theresa Fuchs<\/strong><\/p>\n<p style=\"text-align: center;\">Brandstatt 2<br \/>\n5144 St.Georgen<br \/>\nam Fillmannsbach<\/p>\n[\/vc_column_text]<div id=\"bellaria_soc_icon_69e1ebc1cbd5e\" class=\"cws_social_icons render_styles icon_size_regular cws_soc_icon_align_center\" data-style=\"&quot;#bellaria_soc_icon_69e1ebc1cbd5e.cws_social_icons .cws_icon:hover{\\r\\n\\t\\t\\tcolor: #ffffff !important;\\r\\n\\t\\t}\\r\\n\\t\\t#bellaria_soc_icon_69e1ebc1cbd5e.cws_social_icons .cws_icon:hover &gt; svg{\\r\\n\\t\\t\\tfill: #4b4342 !important;\\r\\n\\t\\t\\tstroke: #4b4342 !important;\\r\\n\\t\\t}&quot;\"><a href='https:\/\/www.facebook.com\/siassa_fuchs-106869425282047' class='cws_icon fab fa-facebook-square' style='color:#4b4342;font-size:25px;' target='_blank'  title='Facebook'><svg xmlns=\"http:\/\/www.w3.org\/2000\/svg\" x=\"0px\" y=\"0px\" viewBox=\"0 0 850.4 850.4\" style=\"stroke-width:35px;fill:#ededed;stroke:#ededed;\"><path class=\"st0\" d=\"M825.8,466.7L825.8,466.7l3-0.9l-3.3,0.8c-3.9-14.6-7.7-28.4-7.7-41.1c0-13.5,3.9-27.7,7.9-42.8\n\t\tc5.9-21.9,11.9-44.5,6.1-66.3c-6-22.2-22.6-38.8-38.8-54.8c-11-10.9-21.3-21.2-27.8-32.6c-6.6-11.4-10.3-25.5-14.3-40.5\n\t\tc-5.8-22.1-11.8-44.9-28-61.1c-15.9-16-38.5-22.1-60.4-27.8c-15-4-29.3-7.8-40.9-14.5c-11-6.4-21-16.5-31.7-27.3\n\t\tc-16.3-16.4-32.9-33.2-55.7-39.4c-22.7-6.1-45.7,0.2-67.8,6.2c-14.6,3.9-28.4,7.7-41,7.7c-13.5,0-27.7-3.9-42.8-7.9\n\t\tC366.9,20.3,351,16,335.2,16c-6.4,0-12.7,0.7-19,2.4c-22.2,6-38.7,22.6-54.8,38.8c-10.9,11-21.2,21.3-32.6,27.8\n\t\ts-25.4,10.3-40.4,14.3c-22.1,5.9-44.8,11.8-61,28.1c-16,16-22,38.5-27.8,60.5c-4,15.1-7.8,29.4-14.5,41\n\t\tc-6.4,11-16.5,21.1-27.3,31.8c-16.4,16.2-33.2,32.9-39.3,55.8c-6.1,22.7,0.2,45.8,6.2,68c3.9,14.6,7.7,28.4,7.7,41.1\n\t\tc0,13.5-3.9,27.6-7.9,42.8c-5.9,22-11.9,44.6-6.1,66.4c6,22.2,22.6,38.8,38.8,54.9c11,10.9,21.3,21.2,27.8,32.6\n\t\tc6.6,11.4,10.3,25.4,14.3,40.4c5.9,22.2,11.8,44.9,28,61.2c16,16,38.5,22.1,60.4,27.8c15.1,4,29.3,7.9,40.9,14.5\n\t\tc11,6.4,21,16.5,31.7,27.2c16.3,16.4,33,33.3,55.8,39.4c6.3,1.6,12.8,2.5,19.7,2.5c16.1,0,32.3-4.4,48-8.7\n\t\tc14.7-4,28.5-7.8,41.1-7.8c13.5,0,27.6,3.9,42.7,7.9c22,5.9,44.5,11.9,66.3,6.2c22.2-6,38.7-22.7,54.8-38.9\n\t\tc10.9-11,21.2-21.3,32.5-27.8c11.4-6.5,25.4-10.3,40.3-14.3c22.2-5.9,44.9-11.9,61.1-28.1c16-15.9,22-38.5,27.8-60.5\n\t\tc4-15.1,7.9-29.4,14.5-41c6.4-11,16.4-21,27.1-31.7c16.4-16.3,33.5-33,39.6-55.9C838,511.9,835.8,488.9,825.8,466.7z\"\/><\/svg><\/a><a href='https:\/\/www.instagram.com\/siassa_fuchs\/' class='cws_icon fab fa-instagram' style='color:#4b4342;font-size:25px;' target='_blank'  title='Instagram'><svg xmlns=\"http:\/\/www.w3.org\/2000\/svg\" x=\"0px\" y=\"0px\" viewBox=\"0 0 850.4 850.4\" style=\"stroke-width:35px;fill:#ededed;stroke:#ededed;\"><path class=\"st0\" d=\"M825.8,466.7L825.8,466.7l3-0.9l-3.3,0.8c-3.9-14.6-7.7-28.4-7.7-41.1c0-13.5,3.9-27.7,7.9-42.8\n\t\tc5.9-21.9,11.9-44.5,6.1-66.3c-6-22.2-22.6-38.8-38.8-54.8c-11-10.9-21.3-21.2-27.8-32.6c-6.6-11.4-10.3-25.5-14.3-40.5\n\t\tc-5.8-22.1-11.8-44.9-28-61.1c-15.9-16-38.5-22.1-60.4-27.8c-15-4-29.3-7.8-40.9-14.5c-11-6.4-21-16.5-31.7-27.3\n\t\tc-16.3-16.4-32.9-33.2-55.7-39.4c-22.7-6.1-45.7,0.2-67.8,6.2c-14.6,3.9-28.4,7.7-41,7.7c-13.5,0-27.7-3.9-42.8-7.9\n\t\tC366.9,20.3,351,16,335.2,16c-6.4,0-12.7,0.7-19,2.4c-22.2,6-38.7,22.6-54.8,38.8c-10.9,11-21.2,21.3-32.6,27.8\n\t\ts-25.4,10.3-40.4,14.3c-22.1,5.9-44.8,11.8-61,28.1c-16,16-22,38.5-27.8,60.5c-4,15.1-7.8,29.4-14.5,41\n\t\tc-6.4,11-16.5,21.1-27.3,31.8c-16.4,16.2-33.2,32.9-39.3,55.8c-6.1,22.7,0.2,45.8,6.2,68c3.9,14.6,7.7,28.4,7.7,41.1\n\t\tc0,13.5-3.9,27.6-7.9,42.8c-5.9,22-11.9,44.6-6.1,66.4c6,22.2,22.6,38.8,38.8,54.9c11,10.9,21.3,21.2,27.8,32.6\n\t\tc6.6,11.4,10.3,25.4,14.3,40.4c5.9,22.2,11.8,44.9,28,61.2c16,16,38.5,22.1,60.4,27.8c15.1,4,29.3,7.9,40.9,14.5\n\t\tc11,6.4,21,16.5,31.7,27.2c16.3,16.4,33,33.3,55.8,39.4c6.3,1.6,12.8,2.5,19.7,2.5c16.1,0,32.3-4.4,48-8.7\n\t\tc14.7-4,28.5-7.8,41.1-7.8c13.5,0,27.6,3.9,42.7,7.9c22,5.9,44.5,11.9,66.3,6.2c22.2-6,38.7-22.7,54.8-38.9\n\t\tc10.9-11,21.2-21.3,32.5-27.8c11.4-6.5,25.4-10.3,40.3-14.3c22.2-5.9,44.9-11.9,61.1-28.1c16-15.9,22-38.5,27.8-60.5\n\t\tc4-15.1,7.9-29.4,14.5-41c6.4-11,16.4-21,27.1-31.7c16.4-16.3,33.5-33,39.6-55.9C838,511.9,835.8,488.9,825.8,466.7z\"\/><\/svg><\/a><\/div>[\/vc_column][vc_column width=&#8220;1\/3&#8243;]<div style='margin-bottom: 5px; border-color: #edecec; ' class='cws_divider none_line style_4'><img style='width:181px;' src='https:\/\/siassafuchs.at\/wp-content\/themes\/bellaria\/img\/dividers\/divider_4.png' alt \/><\/div>[vc_column_text]\n<p style=\"text-align: center;\"><a href=\"tel:06803240767\">0680 32 40 767<\/a><\/p>\n<p style=\"text-align: center;\"><a href=\"mailto:theresa@siassafuchs.at\">theresa@siassafuchs.at<\/a><\/p>\n[\/vc_column_text][\/vc_column][\/vc_row]\n<\/section>","protected":false},"excerpt":{"rendered":"<p>[vc_row full_width=&#8220;stretch_row&#8220; content_placement=&#8220;middle&#8220; bg_cws_size=&#8220;cover&#8220; bg_cws_color=&#8220;color&#8220; cws_overlay_color=&#8220;rgba(255,255,255,0.78)&#8220; css=&#8220;.vc_custom_1704871723543{margin-top: -100px !important;padding-top: 100px !important;padding-bottom: 100px !important;background-image: url(https:\/\/siassafuchs.at\/wp-content\/uploads\/2023\/01\/Picsart_23-01-30_22-32-11-798-01-e1704792736553.jpeg?id=2725) !important;background-position: center !important;background-repeat: no-repeat !important;background-size: cover !important;}&#8220;][vc_column offset=&#8220;vc_col-lg-offset-3 vc_col-lg-6 vc_col-xs-12&#8243;][vc_column_text css=&#8220;.vc_custom_1652727526998{margin-bottom: 10px !important;}&#8220;] Bisschen was \u00fcber mich. [\/vc_column_text][vc_column_text css=&#8220;.vc_custom_1710367036269{margin-top: 10px !important;}&#8220;]Mein Name ist Theresa ich bin 28 Jahre alt und habe einen Sohn und eine Tochter. Mein beruflicher Werdegang begann im [&hellip;]<\/p>\n","protected":false},"author":1,"featured_media":0,"parent":0,"menu_order":0,"comment_status":"closed","ping_status":"closed","template":"","meta":{"footnotes":""},"class_list":["post-590","page","type-page","status-publish","hentry"],"_links":{"self":[{"href":"https:\/\/siassafuchs.at\/index.php\/wp-json\/wp\/v2\/pages\/590","targetHints":{"allow":["GET"]}}],"collection":[{"href":"https:\/\/siassafuchs.at\/index.php\/wp-json\/wp\/v2\/pages"}],"about":[{"href":"https:\/\/siassafuchs.at\/index.php\/wp-json\/wp\/v2\/types\/page"}],"author":[{"embeddable":true,"href":"https:\/\/siassafuchs.at\/index.php\/wp-json\/wp\/v2\/users\/1"}],"replies":[{"embeddable":true,"href":"https:\/\/siassafuchs.at\/index.php\/wp-json\/wp\/v2\/comments?post=590"}],"version-history":[{"count":115,"href":"https:\/\/siassafuchs.at\/index.php\/wp-json\/wp\/v2\/pages\/590\/revisions"}],"predecessor-version":[{"id":3253,"href":"https:\/\/siassafuchs.at\/index.php\/wp-json\/wp\/v2\/pages\/590\/revisions\/3253"}],"wp:attachment":[{"href":"https:\/\/siassafuchs.at\/index.php\/wp-json\/wp\/v2\/media?parent=590"}],"curies":[{"name":"wp","href":"https:\/\/api.w.org\/{rel}","templated":true}]}}